{"id":1771,"date":"2022-02-15T10:22:39","date_gmt":"2022-02-15T10:22:39","guid":{"rendered":"https:\/\/visitorcentersevilla.com\/?page_id=1771"},"modified":"2023-08-08T17:43:19","modified_gmt":"2023-08-08T17:43:19","slug":"terminos-y-condiciones-que-ver-en-sevilla","status":"publish","type":"page","link":"https:\/\/visitorcentersevilla.com\/it\/termini-e-condizioni\/","title":{"rendered":"T\u00e9rminos y Condiciones- Qu\u00e9 ver en Sevilla"},"content":{"rendered":"<div data-elementor-type=\"wp-page\" data-elementor-id=\"1771\" class=\"elementor elementor-1771\">\n\t\t\t\t\t\t<section class=\"elementor-section elementor-top-section elementor-element elementor-element-332bbd67 elementor-section-full_width elementor-section-height-default elementor-section-height-default\" data-id=\"332bbd67\" data-element_type=\"section\">\n\t\t\t\t\t\t<div class=\"elementor-container elementor-column-gap-default\">\n\t\t\t\t\t<div class=\"elementor-column elementor-col-100 elementor-top-column elementor-element elementor-element-52a78297\" data-id=\"52a78297\" data-element_type=\"column\">\n\t\t\t<div class=\"elementor-widget-wrap elementor-element-populated\">\n\t\t\t\t\t\t<div class=\"elementor-element elementor-element-21e45831 elementor-widget elementor-widget-image\" data-id=\"21e45831\" data-element_type=\"widget\" data-widget_type=\"image.default\">\n\t\t\t\t<div class=\"elementor-widget-container\">\n\t\t\t\t\t\t\t\t\t\t\t\t\t\t\t<img decoding=\"async\" src=\"https:\/\/visitorcentersevilla.com\/wp-content\/uploads\/elementor\/thumbs\/plaza-espana-sevilla-pkjqedrhblxivzov420440rz2rtenljptqfzz9aq2w.jpg\" title=\"plaza-espana-sevilla\" alt=\"plaza-espana-sevilla\" loading=\"lazy\" \/>\t\t\t\t\t\t\t\t\t\t\t\t\t\t\t<\/div>\n\t\t\t\t<\/div>\n\t\t\t\t\t<\/div>\n\t\t<\/div>\n\t\t\t\t\t<\/div>\n\t\t<\/section>\n\t\t\t\t<section class=\"elementor-section elementor-top-section elementor-element elementor-element-1cd636d5 elementor-section-boxed elementor-section-height-default elementor-section-height-default\" data-id=\"1cd636d5\" data-element_type=\"section\">\n\t\t\t\t\t\t<div class=\"elementor-container elementor-column-gap-default\">\n\t\t\t\t\t<div class=\"elementor-column elementor-col-100 elementor-top-column elementor-element elementor-element-169a1805\" data-id=\"169a1805\" data-element_type=\"column\">\n\t\t\t<div class=\"elementor-widget-wrap elementor-element-populated\">\n\t\t\t\t\t\t<div class=\"elementor-element elementor-element-13ae9165 elementor-widget elementor-widget-heading\" data-id=\"13ae9165\" data-element_type=\"widget\" data-widget_type=\"heading.default\">\n\t\t\t\t<div class=\"elementor-widget-container\">\n\t\t\t\t\t<h2 class=\"elementor-heading-title elementor-size-default\">Termini e Condizioni<\/h2>\t\t\t\t<\/div>\n\t\t\t\t<\/div>\n\t\t\t\t\t<\/div>\n\t\t<\/div>\n\t\t\t\t\t<\/div>\n\t\t<\/section>\n\t\t\t\t<section class=\"elementor-section elementor-top-section elementor-element elementor-element-d75471e elementor-section-boxed elementor-section-height-default elementor-section-height-default\" data-id=\"d75471e\" data-element_type=\"section\">\n\t\t\t\t\t\t<div class=\"elementor-container elementor-column-gap-default\">\n\t\t\t\t\t<div class=\"elementor-column elementor-col-100 elementor-top-column elementor-element elementor-element-6a81411\" data-id=\"6a81411\" data-element_type=\"column\">\n\t\t\t<div class=\"elementor-widget-wrap elementor-element-populated\">\n\t\t\t\t\t\t<div class=\"elementor-element elementor-element-20c71db elementor-widget elementor-widget-text-editor\" data-id=\"20c71db\" data-element_type=\"widget\" data-widget_type=\"text-editor.default\">\n\t\t\t\t<div class=\"elementor-widget-container\">\n\t\t\t\t\t\t\t\t\t<header class=\"entry-header\"><h1 class=\"entry-title\">Termini e condizioni di vendita<\/h1><\/header><div class=\"entry-content\"><p>A efectos de lo dispuesto en la Ley Org\u00e1nica 15\/1999 de 13 de diciembre de Protecci\u00f3n de Datos de car\u00e1cter personal, informa que los datos personales facilitados de forma voluntaria al cumplimentar cualquier formulario quedar\u00e1n incorporados de forma confidencial a un fichero informatizado. Imcal S.C no vende, alquila ni pone a disposici\u00f3n de terceras personas los datos personales proporcionados por los visitantes de la web.<\/p><p>Esta informaci\u00f3n no ser\u00e1 utilizada para acciones de marketing directo, a menos que le hayamos informado con antelaci\u00f3n de esta posibilidad y que nos haya dado permiso expreso en el momento de proporcionar dichos datos.<\/p><p>Esta informaci\u00f3n no ser\u00e1 revelada a terceros.<\/p><p>Con su permiso, podr\u00e1 hacer uso de esta informaci\u00f3n para el env\u00edo de publicaciones u otro tipo de correspondencia as\u00ed como env\u00edo de mensajes v\u00eda e-mail. Esta pol\u00edtica puede ser regularmente modificada.<\/p><p>NO autoriza la reproducci\u00f3n, total o parcial, de los contenidos de sus publicaciones, sin el consentimiento expreso y por escrito.<\/p><p><strong>PROPIEDAD INTELECTUAL DEL WEB<\/strong><br \/>Todos los derechos de propiedad intelectual del contenido de este web, su dise\u00f1o gr\u00e1fico y sus c\u00f3digos fuente, son titularidad exclusiva de IMCAL SC, correspondi\u00e9ndonos el ejercicio exclusivo de los derechos de explotaci\u00f3n de los mismos. Por tanto queda prohibida su reproducci\u00f3n, distribuci\u00f3n, comunicaci\u00f3n p\u00fablica y transformaci\u00f3n, total o parcial, sin la autorizaci\u00f3n expresa de Imcal S.C.<\/p><p>Igualmente, todos los nombres comerciales, marcas o signos distintos de cualquier clase contenidos en este web site est\u00e1n protegidos por ley.<\/p><p>En cumplimiento de la Ley 34\/2002 de Servicios de la Sociedad de La Informaci\u00f3n y del Comercio Electr\u00f3nico (LSSICE), le informamos que la titularidad del dominio de nuestra tienda virtual, www.visitorcentersevilla.com, corresponde a Imcal S.C, sociedad legalmente constituida en Sevilla (Espa\u00f1a) con CIF- J90160979.<\/p><p><strong>Objeto y \u00e1mbito de aplicaci\u00f3n<\/strong><br \/>Las presentes Condiciones Generales de contrataci\u00f3n y utilizaci\u00f3n, tienen como objeto regular la puesta a disposici\u00f3n de la informaci\u00f3n suministrada en la tienda online de Imcal S.C, as\u00ed como las transacciones comerciales que surjan entre Imcal S.C y los usuarios del dominio www.visitorcentersevilla.com. Tanto la navegaci\u00f3n por la tienda online como la adquisici\u00f3n de cualquiera de los productos ofertados en ella, suponen la aceptaci\u00f3n como usuario, sin reservas de ninguna clase, de todas y cada una de las presentes condiciones generales de contrataci\u00f3n y utilizaci\u00f3n. Imcal S.C podr\u00e1 en todo momento y sin previo aviso, modificar las presentes condiciones generales de contrataci\u00f3n y uso, as\u00ed como las condiciones particulares que, en su caso, se incluyan, mediante la publicaci\u00f3n de dichas modificaciones en la tienda con el fin de que puedan ser conocidas por los usuarios, y quedando constancia de la fecha de dichas modificaciones.<\/p><p><strong>Informaci\u00f3n suministrada en el website<\/strong><br \/>Imcal S.C se reserva el derecho de modificar la oferta comercial (productos, precios, promociones y otras condiciones comerciales y de servicio) presentada en www.visitorcentersevilla.com en cualquier momento. Hacemos todo los esfuerzos para ofrecer la informaci\u00f3n contenida en el website de forma veraz y sin errores tipogr\u00e1ficos. En el caso que en alg\u00fan momento se produjera alg\u00fan error de este tipo, ajeno en todo momento a la voluntad de www.visitorcentersevilla.com, se proceder\u00eda inmediatamente a su correcci\u00f3n. De existir un error tipogr\u00e1fico en alguno de los precios mostrados y alg\u00fan cliente hubiera tomado una decisi\u00f3n de compra basada en dicho error, le comunicaremos dicho error y el cliente tendr\u00e1 derecho a rescindir su compra sin ning\u00fan coste por su parte. Del mismo modo, es posible que los contenidos del website puedan mostrar, en ocasiones, informaci\u00f3n provisional sobre algunos productos.<\/p><p>En el caso que la informaci\u00f3n facilitada no correspondiera a las caracter\u00edsticas del producto el cliente tendr\u00e1 derecho a rescindir su compra sin ning\u00fan coste por su parte.<br \/>Imcal S.C no es responsable ni directa ni indirectamente de ninguna de las informaciones, contenidos, afirmaciones y expresiones que contengan los productos comercializados en el website. Dicha responsabilidad recae en todo momento en los editores o distribuidores de dichos productos.<\/p><p><strong>Responsabilidad de Imcal S.C<\/strong><br \/>Los productos presentados en el website son conformes a la legislaci\u00f3n espa\u00f1ola.<\/p><p>La responsabilidad de Imcal S.C no puede invocarse en el caso de productos no conformes a la legislaci\u00f3n de los pa\u00edses a los que hayan podido ser enviados en funci\u00f3n del pedido del cliente. Corresponde pues, a los clientes de fuera de Espa\u00f1a el verificar la posibilidad de importar o utilizar los productos que nos soliciten.<\/p><p>As\u00ed mismo Imcal S.C no se responsabiliza del uso fraudulento o delictivo que los usuarios puedan hacer de los productos adquiridos en nuestro website.<\/p><p>El usuario asume toda la responsabilidad derivada del uso de nuestro website, siendo el \u00fanico responsable de todo efecto directo o indirecto que sobre el website se derive, incluyendo, de forma enunciativa y no limitativa, todo resultado econ\u00f3mico, t\u00e9cnico y\/o jur\u00eddico adverso, as\u00ed como la defraudaci\u00f3n de las expectativas generadas por nuestro website, oblig\u00e1ndose el usuario a mantener indemne a Imcal S.C por cualesquiera reclamaciones derivadas, directa o indirectamente de tales hechos.<\/p><p>Imcal S.C no se hace responsable de los perjuicios que se pudieran derivar de interferencias, omisiones, interrupciones, virus inform\u00e1ticos, aver\u00edas y\/o desconexiones en el funcionamiento operativo de este sistema electr\u00f3nico o en los aparatos y equipos inform\u00e1ticos de los usuarios, motivadas por causas ajenas a Imcal S.C, que impidan o retrasen la prestaci\u00f3n de los servicios o la navegaci\u00f3n por la tienda, ni de lo retrasos o bloqueos en el uso causados por deficiencias o sobrecargas de Internet o en otros sistemas electr\u00f3nicos, ni de la imposibilidad de dar el servicio o permitir el acceso por causas no imputables a Imcal S.C, debidas al usuario, a terceros, o a supuestos de fuerza mayor. Imcal S.C no controla, con car\u00e1cter general, la utilizaci\u00f3n que los usuarios hacen del website. Imcal S.C no garantiza bajo ning\u00fan extremo que los usuarios utilicen el website de conformidad con la ley, las presentes Condiciones Generales, la moral y buenas costumbres generalmente aceptadas y el orden publico, ni tampoco que lo hagan de forma diligente y prudente.<\/p><p><strong>Obligaciones de clientes y usuarios<\/strong><br \/>Con car\u00e1cter general el usuario se obliga al cumplimiento de las presentes condiciones generales, as\u00ed como a cumplir las especiales advertencias o instrucciones de uso contenidas en las mismas o en el website y obrar siempre conforme a la ley, a las buenas costumbres y a las exigencias de la buena fe, empleando la diligencia debida, y absteni\u00e9ndose de utilizar el website de cualquier forma que pueda impedir, da\u00f1ar o deteriorar el normal funcionamiento del mismo, los bienes o derechos de Imcal S.C, sus proveedores, el resto de usuarios o en general de cualquier tercero.<\/p><p>Queda prohibido el acceso y uso del portal a los menores de edad sin el consentimiento expreso de sus padres, Imcal S.C no se responsabiliza de la veracidad y exactitud de los datos rellenados por el usuario y por tanto no puede constatar la edad de los mismos.<br \/>Concretamente, y sin que ello implique restricci\u00f3n alguna al apartado anterior durante la utilizaci\u00f3n del website www.visitorcentersevilla.com el usuario se obliga a:<\/p><p>a) Facilitar informaci\u00f3n veraz sobre los datos solicitados en el formulario de registro de usuario o de realizaci\u00f3n del pedido, y a mantenerlos actualizados.<br \/>b) No introducir, almacenar o difundir en o desde el website, cualquier informaci\u00f3n o material que fuera difamatorio, injurioso, obsceno, amenazador, xen\u00f3fobo, incite a la violencia a la discriminaci\u00f3n por raz\u00f3n de raza, sexo, ideolog\u00eda, religi\u00f3n o que de cualquier forma atente contra la moral, el orden publico, los derechos fundamentales, las libertades publicas, el honor, la intimidad o la imagen de terceros y en general la normativa vigente.<br \/>c) No introducir, almacenar o difundir mediante la tienda ning\u00fan programa, datos, virus, c\u00f3digo, o cualquier otro dispositivo electr\u00f3nico o f\u00edsico que sea susceptible de causar da\u00f1os en el website, en cualquiera de los servicios, o en cualquiera de los equipos, sistemas o redes de Imcal SC, de cualquier otro usuario, de los proveedores de Imcal S.C o en general de cualquier tercero.<br \/>d) No realizar actividades publicitarias o de explotaci\u00f3n comercial a trav\u00e9s del website, y a no utilizar los contenidos y la informaci\u00f3n del mismo para remitir publicidad, o enviar mensajes con cualquier otro fin comercial, ni para recoger o almacenar datos personales de terceros.<br \/>e) No utilizar identidades falsas, ni suplantar la identidad de otros en la utilizaci\u00f3n del website o en la utilizaci\u00f3n de cualquiera de los servicios del mismo, incluyendo la utilizaci\u00f3n en su caso de contrase\u00f1as o claves de acceso de terceros o de cualquier otra forma.<br \/>f) No destruir, alterar, utilizar para su uso, inutilizar o da\u00f1ar los datos, informaciones, programas o documentos electr\u00f3nicos de Imcal S.C, sus proveedores o terceros.<br \/>g) No introducir, almacenar o difundir mediante la tienda cualquier contenido que infrinja derechos de propiedad intelectual, industrial o secretos empresariales de terceros, ni en general ning\u00fan contenido del cual no ostentara, de conformidad con la ley, el derecho a ponerlo a disposici\u00f3n de tercero.<\/p><p><strong>Realizaci\u00f3n del pedido<\/strong><br \/>Para realizar un pedido es necesario conectarse a visitorcentersevilla.com, y registrarse, cumplimentando el formulario electr\u00f3nico que en cada momento aparezca en la tienda y siguiendo las instrucciones indicadas en el mismo.<br \/>Tras el registro, y para proceder a la compra de productos, deber\u00e1 incluir el producto que desea adquirir en la cesta, seg\u00fan las indicaciones recogidas en pantalla, cumplimentando a estos efectos el formulario de pedido suministrado (nombre, email, tel\u00e9fono del cliente) y validando el mismo.<\/p><p>Los precios y ofertas presentados en el website son validos \u00fanica y exclusivamente para pedidos online realizados en touralcazarsevilla.com y pueden no coincidir con los precios y ofertas vigentes en otras tiendas de Imcal S.C en Espa\u00f1a.<\/p><p>La validaci\u00f3n del pedido por parte del cliente supone expresamente el conocimiento y aceptaci\u00f3n de estas condiciones generales de contrataci\u00f3n como parte de la celebraci\u00f3n del contrato. Salvo prueba en contrario, los datos registrados por Imcal S.C constituyen la prueba del conjunto de transacciones realizadas entre Imcal S.C y sus clientes. Imcal S.C archivar\u00e1 el documento electr\u00f3nico en que se formalice el contrato y este ser\u00e1 accesible.<\/p><p>Una vez efectuada la compra y en el plazo m\u00e1s breve posible, el Servicio de Atenci\u00f3n al Cliente de Imcal S.C le remitir\u00e1 por e-mail un comprobante de la compra.<\/p><p>Una vez efectuada la compra, no existe devoluci\u00f3n de importe. Podr\u00e1 cambiarse de fecha del Tour siempre que se indique a trav\u00e9s del correo info@visitorcentersevilla.com, con 4 dias naturales de antelaci\u00f3n como m\u00e1ximo a la fecha del tour, y siempre que el dpto. de atenci\u00f3n al cliente autorice dicho cambio.<\/p><p>El tour incluye: visita guiada a Alcazar de Sevilla y\/o Catedral de Sevilla por Gu\u00eda Oficial Titulado + Entrada(s) al(los) monumento(s) + Radiogu\u00eda.<\/p><p>El importe correspondiente a la entrada a los monumentos incluida en el tour, coincide con el importe exacto de dichas entradas en su compra telem\u00e1tica en las webs oficiales de los monumentos.<\/p><p>El reto del importe del tour corresponde a la visita guiada + radiogu\u00eda + 21% IVA Incl.<\/p><p>El tiempo l\u00edmite m\u00e1ximo para presentarse en el Punto de Encuentro (Punto de Encuentro indicado en la web) corresponde a la hora indicada en la reserva. Imcal SC, pasado este tiempo, no se har\u00e1 responsable y no proceder\u00e1 a la devoluci\u00f3n ni parcial ni total del importe del tour. Este punto se recordar\u00e1 en el correo de confirmaci\u00f3n de la reserva.<\/p><p>S\u00f3lo se proceder\u00e1 a la devoluci\u00f3n del importe en aquello casos en que Imcal SC sea responsable. En caso de cierre imprevisto de Alc\u00e1zar y\/o Catedral, Imcal SC proceder\u00e1 al cambio de ticket para otra hora y\/o d\u00eda.<\/p><p>Para el caso de tours con precios reducidos (ni\u00f1os, Jubilados, Estudiantes), es obligatorio presentar documentos originales identificativos en el momento de entrada al (los) monumento(s); si no es as\u00ed, el cliente deber\u00e1 abonar el importe correspondiente a una nueva entrada general (12,50 euros). Este punto se recordar\u00e1 en el correo de confirmaci\u00f3n de la reserva.<\/p><p><strong>Disponibilidad de los productos<\/strong><br \/>La selecci\u00f3n de productos ofrecidos en www.visitorcentersevilla.com es valida en tanto que los productos est\u00e9n visibles en el website, con los limites de stock disponibles.<br \/>En el caso de que existiera alguna ruptura de stock o indisponibilidad puntual de un articulo Imcal S.C se pondr\u00e1 en contacto con usted para comunic\u00e1rselo de inmediato y darle un nuevo plazo de disponibilidad o proceder a la anulaci\u00f3n del pedido sin cargo alguno.<\/p><p><strong>Gastos de envio<\/strong><br \/>No hay gastos de env\u00edo.<\/p><p><strong>Reclamaciones<\/strong><br \/>Si tiene alg\u00fan problema o sugerencia de cambio de su compra una vez realizada la misma, y siempre con un l\u00edmite m\u00e1ximo de 4 dias naturales antes de la fecha del Tour, puede contactar con nosotros por e-mail: info@visitorcentersevilla.com o por tel\u00e9fono 622 633 124 indic\u00e1ndonos claramente cual es el problema.<\/p><p><strong>Garant\u00edas<\/strong><br \/>Legislaci\u00f3n aplicable. Sumisi\u00f3n a fueros<br \/>Las compraventas realizadas en www.visitorcentersevilla.com se someten a la legislaci\u00f3n espa\u00f1ola. En el supuesto de que surja cualquier conflicto o discrepancia en la interpretaci\u00f3n o aplicaci\u00f3n de las presentes condiciones ambas partes se someten, con renuncia expresa a cualquier otro fuero, a los Juzgados y Tribunales de Sevilla (Espa\u00f1a)<\/p><\/div>\t\t\t\t\t\t\t\t<\/div>\n\t\t\t\t<\/div>\n\t\t\t\t\t<\/div>\n\t\t<\/div>\n\t\t\t\t\t<\/div>\n\t\t<\/section>\n\t\t\t\t<\/div>","protected":false},"excerpt":{"rendered":"<p>T\u00e9rminos y Condiciones T\u00e9rminos y condiciones de venta A efectos de lo dispuesto en la Ley Org\u00e1nica 15\/1999 de 13 de diciembre de Protecci\u00f3n de Datos de car\u00e1cter personal, informa que los datos personales facilitados de forma voluntaria al cumplimentar cualquier formulario quedar\u00e1n incorporados de forma confidencial a un fichero informatizado. Imcal S.C no vende, [&hellip;]<\/p>","protected":false},"author":1,"featured_media":0,"parent":0,"menu_order":0,"comment_status":"closed","ping_status":"closed","template":"","meta":{"site-sidebar-layout":"no-sidebar","site-content-layout":"page-builder","ast-site-content-layout":"default","site-content-style":"default","site-sidebar-style":"default","ast-global-header-display":"","ast-banner-title-visibility":"","ast-main-header-display":"","ast-hfb-above-header-display":"","ast-hfb-below-header-display":"","ast-hfb-mobile-header-display":"","site-post-title":"disabled","ast-breadcrumbs-content":"","ast-featured-img":"disabled","footer-sml-layout":"","theme-transparent-header-meta":"","adv-header-id-meta":"","stick-header-meta":"","header-above-stick-meta":"","header-main-stick-meta":"","header-below-stick-meta":"","astra-migrate-meta-layouts":"default","ast-page-background-enabled":"default","ast-page-background-meta":{"desktop":{"background-color":"var(--ast-global-color-4)","background-image":"","background-repeat":"repeat","background-position":"center center","background-size":"auto","background-attachment":"scroll","background-type":"","background-media":"","overlay-type":"","overlay-color":"","overlay-opacity":"","overlay-gradient":""},"tablet":{"background-color":"","background-image":"","background-repeat":"repeat","background-position":"center center","background-size":"auto","background-attachment":"scroll","background-type":"","background-media":"","overlay-type":"","overlay-color":"","overlay-opacity":"","overlay-gradient":""},"mobile":{"background-color":"","background-image":"","background-repeat":"repeat","background-position":"center center","background-size":"auto","background-attachment":"scroll","background-type":"","background-media":"","overlay-type":"","overlay-color":"","overlay-opacity":"","overlay-gradient":""}},"ast-content-background-meta":{"desktop":{"background-color":"var(--ast-global-color-5)","background-image":"","background-repeat":"repeat","background-position":"center center","background-size":"auto","background-attachment":"scroll","background-type":"","background-media":"","overlay-type":"","overlay-color":"","overlay-opacity":"","overlay-gradient":""},"tablet":{"background-color":"var(--ast-global-color-5)","background-image":"","background-repeat":"repeat","background-position":"center center","background-size":"auto","background-attachment":"scroll","background-type":"","background-media":"","overlay-type":"","overlay-color":"","overlay-opacity":"","overlay-gradient":""},"mobile":{"background-color":"var(--ast-global-color-5)","background-image":"","background-repeat":"repeat","background-position":"center center","background-size":"auto","background-attachment":"scroll","background-type":"","background-media":"","overlay-type":"","overlay-color":"","overlay-opacity":"","overlay-gradient":""}},"footnotes":""},"class_list":["post-1771","page","type-page","status-publish","hentry"],"_links":{"self":[{"href":"https:\/\/visitorcentersevilla.com\/it\/wp-json\/wp\/v2\/pages\/1771","targetHints":{"allow":["GET"]}}],"collection":[{"href":"https:\/\/visitorcentersevilla.com\/it\/wp-json\/wp\/v2\/pages"}],"about":[{"href":"https:\/\/visitorcentersevilla.com\/it\/wp-json\/wp\/v2\/types\/page"}],"author":[{"embeddable":true,"href":"https:\/\/visitorcentersevilla.com\/it\/wp-json\/wp\/v2\/users\/1"}],"replies":[{"embeddable":true,"href":"https:\/\/visitorcentersevilla.com\/it\/wp-json\/wp\/v2\/comments?post=1771"}],"version-history":[{"count":21,"href":"https:\/\/visitorcentersevilla.com\/it\/wp-json\/wp\/v2\/pages\/1771\/revisions"}],"predecessor-version":[{"id":5343,"href":"https:\/\/visitorcentersevilla.com\/it\/wp-json\/wp\/v2\/pages\/1771\/revisions\/5343"}],"wp:attachment":[{"href":"https:\/\/visitorcentersevilla.com\/it\/wp-json\/wp\/v2\/media?parent=1771"}],"curies":[{"name":"wp","href":"https:\/\/api.w.org\/{rel}","templated":true}]}}