{"id":1789,"date":"2022-02-15T10:40:36","date_gmt":"2022-02-15T10:40:36","guid":{"rendered":"https:\/\/visitorcentersevilla.com\/?page_id=1789"},"modified":"2023-08-08T19:15:09","modified_gmt":"2023-08-08T19:15:09","slug":"sobre-nosotros-que-ver-en-sevilla","status":"publish","type":"page","link":"https:\/\/visitorcentersevilla.com\/fr\/notre-sujet\/","title":{"rendered":"Sobre nosotros- Qu\u00e9 ver en Sevilla"},"content":{"rendered":"<div data-elementor-type=\"wp-page\" data-elementor-id=\"1789\" class=\"elementor elementor-1789\">\n\t\t\t\t\t\t<section class=\"elementor-section elementor-top-section elementor-element elementor-element-7b2204b1 elementor-section-full_width elementor-section-height-default elementor-section-height-default\" data-id=\"7b2204b1\" data-element_type=\"section\">\n\t\t\t\t\t\t<div class=\"elementor-container elementor-column-gap-default\">\n\t\t\t\t\t<div class=\"elementor-column elementor-col-100 elementor-top-column elementor-element elementor-element-cca4d8\" data-id=\"cca4d8\" data-element_type=\"column\">\n\t\t\t<div class=\"elementor-widget-wrap elementor-element-populated\">\n\t\t\t\t\t\t<div class=\"elementor-element elementor-element-4062e726 elementor-widget elementor-widget-image\" data-id=\"4062e726\" data-element_type=\"widget\" data-widget_type=\"image.default\">\n\t\t\t\t<div class=\"elementor-widget-container\">\n\t\t\t\t\t\t\t\t\t\t\t\t\t\t\t<img decoding=\"async\" src=\"https:\/\/visitorcentersevilla.com\/wp-content\/uploads\/elementor\/thumbs\/plaza-espana-sevilla-1-pkeqo7ldm8r5p9z4daduuqvugegujzeyxcy0raooeg.jpg\" title=\"plaza-espana-sevilla\" alt=\"plaza-espana-sevilla\" loading=\"lazy\" \/>\t\t\t\t\t\t\t\t\t\t\t\t\t\t\t<\/div>\n\t\t\t\t<\/div>\n\t\t\t\t\t<\/div>\n\t\t<\/div>\n\t\t\t\t\t<\/div>\n\t\t<\/section>\n\t\t\t\t<section class=\"elementor-section elementor-top-section elementor-element elementor-element-72a03001 elementor-section-boxed elementor-section-height-default elementor-section-height-default\" data-id=\"72a03001\" data-element_type=\"section\">\n\t\t\t\t\t\t<div class=\"elementor-container elementor-column-gap-default\">\n\t\t\t\t\t<div class=\"elementor-column elementor-col-100 elementor-top-column elementor-element elementor-element-576b4df3\" data-id=\"576b4df3\" data-element_type=\"column\">\n\t\t\t<div class=\"elementor-widget-wrap elementor-element-populated\">\n\t\t\t\t\t\t<div class=\"elementor-element elementor-element-5aca2bca elementor-widget elementor-widget-heading\" data-id=\"5aca2bca\" data-element_type=\"widget\" data-widget_type=\"heading.default\">\n\t\t\t\t<div class=\"elementor-widget-container\">\n\t\t\t\t\t<h1 class=\"elementor-heading-title elementor-size-default\">\u00e0 propos de nous<\/h1>\t\t\t\t<\/div>\n\t\t\t\t<\/div>\n\t\t\t\t\t<\/div>\n\t\t<\/div>\n\t\t\t\t\t<\/div>\n\t\t<\/section>\n\t\t\t\t<section class=\"elementor-section elementor-top-section elementor-element elementor-element-0713a61 elementor-section-boxed elementor-section-height-default elementor-section-height-default\" data-id=\"0713a61\" data-element_type=\"section\">\n\t\t\t\t\t\t<div class=\"elementor-container elementor-column-gap-default\">\n\t\t\t\t\t<div class=\"elementor-column elementor-col-50 elementor-top-column elementor-element elementor-element-62a5cc4\" data-id=\"62a5cc4\" data-element_type=\"column\">\n\t\t\t<div class=\"elementor-widget-wrap elementor-element-populated\">\n\t\t\t\t\t\t<div class=\"elementor-element elementor-element-c058ceb elementor-widget elementor-widget-image\" data-id=\"c058ceb\" data-element_type=\"widget\" data-widget_type=\"image.default\">\n\t\t\t\t<div class=\"elementor-widget-container\">\n\t\t\t\t\t\t\t\t\t\t\t\t\t\t\t<img decoding=\"async\" width=\"300\" height=\"50\" src=\"https:\/\/visitorcentersevilla.com\/wp-content\/uploads\/2022\/06\/Logo-Visitor-Center-Sevilla-253x42.png\" class=\"attachment-medium size-medium wp-image-4109\" alt=\"Logotipo Visitor Center que ver en Sevilla LOGO\" srcset=\"https:\/\/visitorcentersevilla.com\/wp-content\/uploads\/2022\/06\/Logo-Visitor-Center-Sevilla-300x50.png 300w, https:\/\/visitorcentersevilla.com\/wp-content\/uploads\/2022\/06\/Logo-Visitor-Center-Sevilla-1024x170.png 1024w, https:\/\/visitorcentersevilla.com\/wp-content\/uploads\/2022\/06\/Logo-Visitor-Center-Sevilla-768x128.png 768w, https:\/\/visitorcentersevilla.com\/wp-content\/uploads\/2022\/06\/Logo-Visitor-Center-Sevilla-18x3.png 18w, https:\/\/visitorcentersevilla.com\/wp-content\/uploads\/2022\/06\/Logo-Visitor-Center-Sevilla-253x42.png 253w, https:\/\/visitorcentersevilla.com\/wp-content\/uploads\/2022\/06\/Logo-Visitor-Center-Sevilla.png 1203w\" sizes=\"(max-width: 300px) 100vw, 300px\" \/>\t\t\t\t\t\t\t\t\t\t\t\t\t\t\t<\/div>\n\t\t\t\t<\/div>\n\t\t\t\t\t<\/div>\n\t\t<\/div>\n\t\t\t\t<div class=\"elementor-column elementor-col-50 elementor-top-column elementor-element elementor-element-d51faf6\" data-id=\"d51faf6\" data-element_type=\"column\">\n\t\t\t<div class=\"elementor-widget-wrap elementor-element-populated\">\n\t\t\t\t\t\t<div class=\"elementor-element elementor-element-669e29b elementor-widget elementor-widget-text-editor\" data-id=\"669e29b\" data-element_type=\"widget\" data-widget_type=\"text-editor.default\">\n\t\t\t\t<div class=\"elementor-widget-container\">\n\t\t\t\t\t\t\t\t\t<p style=\"text-align: center;\" class=\"translation-block\">Au <b>Visitor Center Sevilla<\/b> nous voulons vous montrer le meilleur de la ville, que vous appr\u00e9ciez et vivez les <b>meilleures exp\u00e9riences<\/b> pour conna\u00eetre S\u00e9ville et que vous en tombiez amoureux autant que nous.<\/p>\t\t\t\t\t\t\t\t<\/div>\n\t\t\t\t<\/div>\n\t\t\t\t\t<\/div>\n\t\t<\/div>\n\t\t\t\t\t<\/div>\n\t\t<\/section>\n\t\t\t\t<section class=\"elementor-section elementor-top-section elementor-element elementor-element-3f6759b elementor-section-boxed elementor-section-height-default elementor-section-height-default\" data-id=\"3f6759b\" data-element_type=\"section\">\n\t\t\t\t\t\t<div class=\"elementor-container elementor-column-gap-default\">\n\t\t\t\t\t<div class=\"elementor-column elementor-col-33 elementor-top-column elementor-element elementor-element-501422a\" data-id=\"501422a\" data-element_type=\"column\">\n\t\t\t<div class=\"elementor-widget-wrap elementor-element-populated\">\n\t\t\t\t\t\t<div class=\"elementor-element elementor-element-38d4041 elementor-widget elementor-widget-heading\" data-id=\"38d4041\" data-element_type=\"widget\" data-widget_type=\"heading.default\">\n\t\t\t\t<div class=\"elementor-widget-container\">\n\t\t\t\t\t<h2 class=\"elementor-heading-title elementor-size-default\">Au Visitor Center Sevilla, nous vous offrons les meilleures exp\u00e9riences<\/h2>\t\t\t\t<\/div>\n\t\t\t\t<\/div>\n\t\t\t\t<div class=\"elementor-element elementor-element-18a067d elementor-widget elementor-widget-text-editor\" data-id=\"18a067d\" data-element_type=\"widget\" data-widget_type=\"text-editor.default\">\n\t\t\t\t<div class=\"elementor-widget-container\">\n\t\t\t\t\t\t\t\t\t<p>Nous sommes un groupe touristique d\u00e9di\u00e9 au monde des visites et des activit\u00e9s de la ville de S\u00e9ville.\u00a0<\/p><p>Notre principal objectif est de faire en sorte que vous ne manquiez rien de ce qui est propos\u00e9. <a href=\"https:\/\/visitorcentersevilla.com\/fr\/\"><strong>que voir \u00e0 S\u00e9ville<\/strong><\/a>... et que vous le fassiez de la mani\u00e8re la plus optimale.<\/p><p>Nos ann\u00e9es d'exp\u00e9rience nous permettent de mettre \u00e0 votre disposition les meilleures activit\u00e9s pour que vous ne vous souciez que de vous amuser.<\/p><p>De Tours \u00e0 travers les monuments les plus embl\u00e9matiques de la ville aux croisi\u00e8res sur le fleuve Guadalquivir ou \u00e0 l'entr\u00e9e d'un spectacle de flamenco qui vous laissera sans voix.<\/p><p>Nous garantissons les activit\u00e9s les plus recommand\u00e9es de la ville.<\/p>\t\t\t\t\t\t\t\t<\/div>\n\t\t\t\t<\/div>\n\t\t\t\t<div class=\"elementor-element elementor-element-1e41812 elementor-hidden-tablet elementor-hidden-mobile elementor-widget elementor-widget-heading\" data-id=\"1e41812\" data-element_type=\"widget\" data-widget_type=\"heading.default\">\n\t\t\t\t<div class=\"elementor-widget-container\">\n\t\t\t\t\t<h2 class=\"elementor-heading-title elementor-size-default\">Profitez de S\u00e9ville avec nous et \u00e9vitez les longues files d'attente<\/h2>\t\t\t\t<\/div>\n\t\t\t\t<\/div>\n\t\t\t\t<div class=\"elementor-element elementor-element-d3f10a0 elementor-hidden-tablet elementor-hidden-mobile elementor-widget elementor-widget-text-editor\" data-id=\"d3f10a0\" data-element_type=\"widget\" data-widget_type=\"text-editor.default\">\n\t\t\t\t<div class=\"elementor-widget-container\">\n\t\t\t\t\t\t\t\t\t<p>Profitez au maximum de votre voyage ! Profitez au maximum de S\u00e9ville et ne perdez pas de temps dans les files d'attente longues et ennuyeuses !<\/p><p>Choisissez les activit\u00e9s que vous souhaitez faire et r\u00e9servez vos billets avec nous, en garantissant la disponibilit\u00e9 et en \u00e9vitant de perdre du temps.<\/p>\t\t\t\t\t\t\t\t<\/div>\n\t\t\t\t<\/div>\n\t\t\t\t\t<\/div>\n\t\t<\/div>\n\t\t\t\t<div class=\"elementor-column elementor-col-66 elementor-top-column elementor-element elementor-element-3d5c04a\" data-id=\"3d5c04a\" data-element_type=\"column\">\n\t\t\t<div class=\"elementor-widget-wrap elementor-element-populated\">\n\t\t\t\t\t\t<div class=\"elementor-element elementor-element-3b25897 elementor-widget elementor-widget-image\" data-id=\"3b25897\" data-element_type=\"widget\" data-widget_type=\"image.default\">\n\t\t\t\t<div class=\"elementor-widget-container\">\n\t\t\t\t\t\t\t\t\t\t\t\t\t\t\t<img fetchpriority=\"high\" decoding=\"async\" width=\"1299\" height=\"866\" src=\"https:\/\/visitorcentersevilla.com\/wp-content\/uploads\/2022\/03\/AdobeStock_456579939-1.jpeg\" class=\"attachment-full size-full wp-image-3396\" alt=\"que ver en sevilla\" srcset=\"https:\/\/visitorcentersevilla.com\/wp-content\/uploads\/2022\/03\/AdobeStock_456579939-1.jpeg 1299w, https:\/\/visitorcentersevilla.com\/wp-content\/uploads\/2022\/03\/AdobeStock_456579939-1-300x200.jpeg 300w, https:\/\/visitorcentersevilla.com\/wp-content\/uploads\/2022\/03\/AdobeStock_456579939-1-1024x683.jpeg 1024w, https:\/\/visitorcentersevilla.com\/wp-content\/uploads\/2022\/03\/AdobeStock_456579939-1-768x512.jpeg 768w\" sizes=\"(max-width: 1299px) 100vw, 1299px\" \/>\t\t\t\t\t\t\t\t\t\t\t\t\t\t\t<\/div>\n\t\t\t\t<\/div>\n\t\t\t\t<div class=\"elementor-element elementor-element-2bdf16c elementor-hidden-tablet elementor-hidden-mobile elementor-widget elementor-widget-image\" data-id=\"2bdf16c\" data-element_type=\"widget\" data-widget_type=\"image.default\">\n\t\t\t\t<div class=\"elementor-widget-container\">\n\t\t\t\t\t\t\t\t\t\t\t\t\t\t\t<img decoding=\"async\" width=\"1299\" height=\"866\" src=\"https:\/\/visitorcentersevilla.com\/wp-content\/uploads\/2022\/03\/AdobeStock_456579896-1.jpeg\" class=\"attachment-full size-full wp-image-3400\" alt=\"que ver en sevilla\" srcset=\"https:\/\/visitorcentersevilla.com\/wp-content\/uploads\/2022\/03\/AdobeStock_456579896-1.jpeg 1299w, https:\/\/visitorcentersevilla.com\/wp-content\/uploads\/2022\/03\/AdobeStock_456579896-1-300x200.jpeg 300w, https:\/\/visitorcentersevilla.com\/wp-content\/uploads\/2022\/03\/AdobeStock_456579896-1-1024x683.jpeg 1024w, https:\/\/visitorcentersevilla.com\/wp-content\/uploads\/2022\/03\/AdobeStock_456579896-1-768x512.jpeg 768w\" sizes=\"(max-width: 1299px) 100vw, 1299px\" \/>\t\t\t\t\t\t\t\t\t\t\t\t\t\t\t<\/div>\n\t\t\t\t<\/div>\n\t\t\t\t\t<\/div>\n\t\t<\/div>\n\t\t\t\t\t<\/div>\n\t\t<\/section>\n\t\t\t\t<section class=\"elementor-section elementor-top-section elementor-element elementor-element-2c63e568 elementor-section-content-middle elementor-section-boxed elementor-section-height-default elementor-section-height-default\" data-id=\"2c63e568\" data-element_type=\"section\">\n\t\t\t\t\t\t<div class=\"elementor-container elementor-column-gap-no\">\n\t\t\t\t\t<div class=\"elementor-column elementor-col-100 elementor-top-column elementor-element elementor-element-1e4085db\" data-id=\"1e4085db\" data-element_type=\"column\">\n\t\t\t<div class=\"elementor-widget-wrap elementor-element-populated\">\n\t\t\t\t\t\t<section class=\"elementor-section elementor-inner-section elementor-element elementor-element-2b264c45 elementor-section-content-middle elementor-section-boxed elementor-section-height-default elementor-section-height-default\" data-id=\"2b264c45\" data-element_type=\"section\">\n\t\t\t\t\t\t<div class=\"elementor-container elementor-column-gap-no\">\n\t\t\t\t\t<div class=\"elementor-column elementor-col-33 elementor-inner-column elementor-element elementor-element-db4cfdd\" data-id=\"db4cfdd\" data-element_type=\"column\">\n\t\t\t<div class=\"elementor-widget-wrap elementor-element-populated\">\n\t\t\t\t\t\t<div class=\"elementor-element elementor-element-fe7f306 elementor-widget elementor-widget-image\" data-id=\"fe7f306\" data-element_type=\"widget\" data-widget_type=\"image.default\">\n\t\t\t\t<div class=\"elementor-widget-container\">\n\t\t\t\t\t\t\t\t\t\t\t\t\t\t\t<img loading=\"lazy\" decoding=\"async\" width=\"640\" height=\"426\" src=\"https:\/\/visitorcentersevilla.com\/wp-content\/uploads\/2022\/02\/real-alcazar.jpeg\" class=\"attachment-large size-large wp-image-356\" alt=\"Sevilla real Alcazar interior\" srcset=\"https:\/\/visitorcentersevilla.com\/wp-content\/uploads\/2022\/02\/real-alcazar.jpeg 640w, https:\/\/visitorcentersevilla.com\/wp-content\/uploads\/2022\/02\/real-alcazar-300x200.jpeg 300w\" sizes=\"(max-width: 640px) 100vw, 640px\" \/>\t\t\t\t\t\t\t\t\t\t\t\t\t\t\t<\/div>\n\t\t\t\t<\/div>\n\t\t\t\t\t<\/div>\n\t\t<\/div>\n\t\t\t\t<div class=\"elementor-column elementor-col-33 elementor-inner-column elementor-element elementor-element-67816cd0\" data-id=\"67816cd0\" data-element_type=\"column\">\n\t\t\t<div class=\"elementor-widget-wrap elementor-element-populated\">\n\t\t\t\t\t\t<div class=\"elementor-element elementor-element-538016ab elementor-widget elementor-widget-heading\" data-id=\"538016ab\" data-element_type=\"widget\" data-widget_type=\"heading.default\">\n\t\t\t\t<div class=\"elementor-widget-container\">\n\t\t\t\t\t<h2 class=\"elementor-heading-title elementor-size-default\">Histoire<\/h2>\t\t\t\t<\/div>\n\t\t\t\t<\/div>\n\t\t\t\t\t<\/div>\n\t\t<\/div>\n\t\t\t\t<div class=\"elementor-column elementor-col-33 elementor-inner-column elementor-element elementor-element-3e4d1cfb\" data-id=\"3e4d1cfb\" data-element_type=\"column\">\n\t\t\t<div class=\"elementor-widget-wrap elementor-element-populated\">\n\t\t\t\t\t\t<div class=\"elementor-element elementor-element-4e9e8a32 elementor-widget elementor-widget-image\" data-id=\"4e9e8a32\" data-element_type=\"widget\" data-widget_type=\"image.default\">\n\t\t\t\t<div class=\"elementor-widget-container\">\n\t\t\t\t\t\t\t\t\t\t\t\t\t\t\t<img loading=\"lazy\" decoding=\"async\" width=\"1024\" height=\"696\" src=\"https:\/\/visitorcentersevilla.com\/wp-content\/uploads\/2022\/02\/alcazar-de-sevilla-mobile-1024x696.jpg\" class=\"attachment-large size-large wp-image-325\" alt=\"alcazar de ciudad Sevilla\" srcset=\"https:\/\/visitorcentersevilla.com\/wp-content\/uploads\/2022\/02\/alcazar-de-sevilla-mobile-1024x696.jpg 1024w, https:\/\/visitorcentersevilla.com\/wp-content\/uploads\/2022\/02\/alcazar-de-sevilla-mobile-300x204.jpg 300w, https:\/\/visitorcentersevilla.com\/wp-content\/uploads\/2022\/02\/alcazar-de-sevilla-mobile-768x522.jpg 768w, https:\/\/visitorcentersevilla.com\/wp-content\/uploads\/2022\/02\/alcazar-de-sevilla-mobile.jpg 1500w\" sizes=\"(max-width: 1024px) 100vw, 1024px\" \/>\t\t\t\t\t\t\t\t\t\t\t\t\t\t\t<\/div>\n\t\t\t\t<\/div>\n\t\t\t\t\t<\/div>\n\t\t<\/div>\n\t\t\t\t\t<\/div>\n\t\t<\/section>\n\t\t\t\t<section class=\"elementor-section elementor-inner-section elementor-element elementor-element-4683aaa8 elementor-section-content-middle elementor-section-boxed elementor-section-height-default elementor-section-height-default\" data-id=\"4683aaa8\" data-element_type=\"section\">\n\t\t\t\t\t\t<div class=\"elementor-container elementor-column-gap-no\">\n\t\t\t\t\t<div class=\"elementor-column elementor-col-33 elementor-inner-column elementor-element elementor-element-1f209a41\" data-id=\"1f209a41\" data-element_type=\"column\">\n\t\t\t<div class=\"elementor-widget-wrap elementor-element-populated\">\n\t\t\t\t\t\t<div class=\"elementor-element elementor-element-1ae0faa1 elementor-widget elementor-widget-heading\" data-id=\"1ae0faa1\" data-element_type=\"widget\" data-widget_type=\"heading.default\">\n\t\t\t\t<div class=\"elementor-widget-container\">\n\t\t\t\t\t<h2 class=\"elementor-heading-title elementor-size-default\">Culture<\/h2>\t\t\t\t<\/div>\n\t\t\t\t<\/div>\n\t\t\t\t\t<\/div>\n\t\t<\/div>\n\t\t\t\t<div class=\"elementor-column elementor-col-33 elementor-inner-column elementor-element elementor-element-7ca411e\" data-id=\"7ca411e\" data-element_type=\"column\">\n\t\t\t<div class=\"elementor-widget-wrap elementor-element-populated\">\n\t\t\t\t\t\t<div class=\"elementor-element elementor-element-34ed3e96 elementor-widget elementor-widget-image\" data-id=\"34ed3e96\" data-element_type=\"widget\" data-widget_type=\"image.default\">\n\t\t\t\t<div class=\"elementor-widget-container\">\n\t\t\t\t\t\t\t\t\t\t\t\t\t\t\t<img loading=\"lazy\" decoding=\"async\" width=\"720\" height=\"480\" src=\"https:\/\/visitorcentersevilla.com\/wp-content\/uploads\/2022\/02\/al6.jpg\" class=\"attachment-large size-large wp-image-341\" alt=\"Pared real alcazar\" srcset=\"https:\/\/visitorcentersevilla.com\/wp-content\/uploads\/2022\/02\/al6.jpg 720w, https:\/\/visitorcentersevilla.com\/wp-content\/uploads\/2022\/02\/al6-300x200.jpg 300w\" sizes=\"(max-width: 720px) 100vw, 720px\" \/>\t\t\t\t\t\t\t\t\t\t\t\t\t\t\t<\/div>\n\t\t\t\t<\/div>\n\t\t\t\t\t<\/div>\n\t\t<\/div>\n\t\t\t\t<div class=\"elementor-column elementor-col-33 elementor-inner-column elementor-element elementor-element-113c4fed\" data-id=\"113c4fed\" data-element_type=\"column\">\n\t\t\t<div class=\"elementor-widget-wrap elementor-element-populated\">\n\t\t\t\t\t\t<div class=\"elementor-element elementor-element-72377f29 elementor-widget elementor-widget-heading\" data-id=\"72377f29\" data-element_type=\"widget\" data-widget_type=\"heading.default\">\n\t\t\t\t<div class=\"elementor-widget-container\">\n\t\t\t\t\t<h2 class=\"elementor-heading-title elementor-size-default\">Architecture<\/h2>\t\t\t\t<\/div>\n\t\t\t\t<\/div>\n\t\t\t\t\t<\/div>\n\t\t<\/div>\n\t\t\t\t\t<\/div>\n\t\t<\/section>\n\t\t\t\t\t<\/div>\n\t\t<\/div>\n\t\t\t\t\t<\/div>\n\t\t<\/section>\n\t\t\t\t<section class=\"elementor-section elementor-top-section elementor-element elementor-element-a731f04 elementor-section-boxed elementor-section-height-default elementor-section-height-default\" data-id=\"a731f04\" data-element_type=\"section\">\n\t\t\t\t\t\t<div class=\"elementor-container elementor-column-gap-default\">\n\t\t\t\t\t<div class=\"elementor-column elementor-col-100 elementor-top-column elementor-element elementor-element-3f13384\" data-id=\"3f13384\" data-element_type=\"column\">\n\t\t\t<div class=\"elementor-widget-wrap elementor-element-populated\">\n\t\t\t\t\t\t<div class=\"elementor-element elementor-element-d306a6b elementor-hidden-tablet elementor-hidden-mobile elementor-widget elementor-widget-heading\" data-id=\"d306a6b\" data-element_type=\"widget\" data-widget_type=\"heading.default\">\n\t\t\t\t<div class=\"elementor-widget-container\">\n\t\t\t\t\t<h2 class=\"elementor-heading-title elementor-size-default\">Que voir \u00e0 S\u00e9ville - Visitor Center Sevilla<\/h2>\t\t\t\t<\/div>\n\t\t\t\t<\/div>\n\t\t\t\t<div class=\"elementor-element elementor-element-510e417 elementor-widget elementor-widget-text-editor\" data-id=\"510e417\" data-element_type=\"widget\" data-widget_type=\"text-editor.default\">\n\t\t\t\t<div class=\"elementor-widget-container\">\n\t\t\t\t\t\t\t\t\t<p><span style=\"font-weight: 400;\">S\u00e9ville est une ville pleine de charme, d'histoire et de culture. De la majest\u00e9 de l'Alhambra \u00e0 la grandeur de la <a href=\"https:\/\/visitorcentersevilla.com\/fr\/catedral-de-sevilla\/\"><strong>Cath\u00e9drale de S\u00e9ville<\/strong><\/a> et le Real Alc\u00e1zar, chaque recoin de cette ville vous captivera. Savourez sa gastronomie, impr\u00e9gnez-vous de l'atmosph\u00e8re unique de ses quartiers et laissez-vous emporter par la beaut\u00e9 in\u00e9gal\u00e9e de S\u00e9ville. Planifiez votre visite avec soin et ne manquez pas d'explorer tous les tr\u00e9sors que vous r\u00e9serve cette ville andalouse, nous vous assurons une exp\u00e9rience inoubliable !<\/span><\/p>\t\t\t\t\t\t\t\t<\/div>\n\t\t\t\t<\/div>\n\t\t\t\t\t<\/div>\n\t\t<\/div>\n\t\t\t\t\t<\/div>\n\t\t<\/section>\n\t\t\t\t<\/div>","protected":false},"excerpt":{"rendered":"<p>Sobre nosotros&#8230; En Visitor Center Sevilla queremos ense\u00f1arte lo mejor de la ciudad,&nbsp; que disfrutes y vivas las mejores experiencias para conocer Sevilla y que te enamores de ella tanto como nosotros. En Visitor Center Sevilla te ofrecemos las mejores experiencias Somos un grupo tur\u00edstico dedicado al mundo de los tours y actividades en la [&hellip;]<\/p>","protected":false},"author":1,"featured_media":0,"parent":0,"menu_order":0,"comment_status":"closed","ping_status":"closed","template":"","meta":{"site-sidebar-layout":"no-sidebar","site-content-layout":"page-builder","ast-site-content-layout":"default","site-content-style":"default","site-sidebar-style":"default","ast-global-header-display":"","ast-banner-title-visibility":"","ast-main-header-display":"","ast-hfb-above-header-display":"","ast-hfb-below-header-display":"","ast-hfb-mobile-header-display":"","site-post-title":"disabled","ast-breadcrumbs-content":"","ast-featured-img":"disabled","footer-sml-layout":"","theme-transparent-header-meta":"","adv-header-id-meta":"","stick-header-meta":"","header-above-stick-meta":"","header-main-stick-meta":"","header-below-stick-meta":"","astra-migrate-meta-layouts":"default","ast-page-background-enabled":"default","ast-page-background-meta":{"desktop":{"background-color":"var(--ast-global-color-4)","background-image":"","background-repeat":"repeat","background-position":"center center","background-size":"auto","background-attachment":"scroll","background-type":"","background-media":"","overlay-type":"","overlay-color":"","overlay-opacity":"","overlay-gradient":""},"tablet":{"background-color":"","background-image":"","background-repeat":"repeat","background-position":"center center","background-size":"auto","background-attachment":"scroll","background-type":"","background-media":"","overlay-type":"","overlay-color":"","overlay-opacity":"","overlay-gradient":""},"mobile":{"background-color":"","background-image":"","background-repeat":"repeat","background-position":"center center","background-size":"auto","background-attachment":"scroll","background-type":"","background-media":"","overlay-type":"","overlay-color":"","overlay-opacity":"","overlay-gradient":""}},"ast-content-background-meta":{"desktop":{"background-color":"var(--ast-global-color-5)","background-image":"","background-repeat":"repeat","background-position":"center center","background-size":"auto","background-attachment":"scroll","background-type":"","background-media":"","overlay-type":"","overlay-color":"","overlay-opacity":"","overlay-gradient":""},"tablet":{"background-color":"var(--ast-global-color-5)","background-image":"","background-repeat":"repeat","background-position":"center center","background-size":"auto","background-attachment":"scroll","background-type":"","background-media":"","overlay-type":"","overlay-color":"","overlay-opacity":"","overlay-gradient":""},"mobile":{"background-color":"var(--ast-global-color-5)","background-image":"","background-repeat":"repeat","background-position":"center center","background-size":"auto","background-attachment":"scroll","background-type":"","background-media":"","overlay-type":"","overlay-color":"","overlay-opacity":"","overlay-gradient":""}},"footnotes":""},"class_list":["post-1789","page","type-page","status-publish","hentry"],"_links":{"self":[{"href":"https:\/\/visitorcentersevilla.com\/fr\/wp-json\/wp\/v2\/pages\/1789","targetHints":{"allow":["GET"]}}],"collection":[{"href":"https:\/\/visitorcentersevilla.com\/fr\/wp-json\/wp\/v2\/pages"}],"about":[{"href":"https:\/\/visitorcentersevilla.com\/fr\/wp-json\/wp\/v2\/types\/page"}],"author":[{"embeddable":true,"href":"https:\/\/visitorcentersevilla.com\/fr\/wp-json\/wp\/v2\/users\/1"}],"replies":[{"embeddable":true,"href":"https:\/\/visitorcentersevilla.com\/fr\/wp-json\/wp\/v2\/comments?post=1789"}],"version-history":[{"count":112,"href":"https:\/\/visitorcentersevilla.com\/fr\/wp-json\/wp\/v2\/pages\/1789\/revisions"}],"predecessor-version":[{"id":5365,"href":"https:\/\/visitorcentersevilla.com\/fr\/wp-json\/wp\/v2\/pages\/1789\/revisions\/5365"}],"wp:attachment":[{"href":"https:\/\/visitorcentersevilla.com\/fr\/wp-json\/wp\/v2\/media?parent=1789"}],"curies":[{"name":"wp","href":"https:\/\/api.w.org\/{rel}","templated":true}]}}